{"id":24,"date":"2025-11-24T23:12:16","date_gmt":"2025-11-24T22:12:16","guid":{"rendered":"https:\/\/hfm.facmed.unam.mx\/?page_id=24"},"modified":"2026-02-16T22:38:57","modified_gmt":"2026-02-16T21:38:57","slug":"inicio","status":"publish","type":"page","link":"https:\/\/hfm.facmed.unam.mx\/","title":{"rendered":"Inicio"},"content":{"rendered":"<p>[et_pb_section fb_built=\u00bb1&#8243; admin_label=\u00bbSecci\u00f3n\u00bb _builder_version=\u00bb4.27.4&#8243; _module_preset=\u00bbdefault\u00bb global_colors_info=\u00bb{}\u00bb][et_pb_row _builder_version=\u00bb4.27.4&#8243; _module_preset=\u00bbdefault\u00bb width=\u00bb100%\u00bb max_width=\u00bb2560px\u00bb custom_margin=\u00bb15px||3px||false|false\u00bb border_color_all=\u00bb#d59f0f\u00bb global_colors_info=\u00bb{}\u00bb][et_pb_column type=\u00bb4_4&#8243; _builder_version=\u00bb4.27.4&#8243; _module_preset=\u00bbdefault\u00bb global_colors_info=\u00bb{}\u00bb][et_pb_social_media_follow _builder_version=\u00bb4.27.4&#8243; _module_preset=\u00bbdefault\u00bb positioning=\u00bbabsolute\u00bb position_origin_a=\u00bbtop_right\u00bb vertical_offset=\u00bb-41px\u00bb horizontal_offset=\u00bb6px\u00bb z_index=\u00bb500&#8243; text_orientation=\u00bbright\u00bb width=\u00bb100%\u00bb box_shadow_style=\u00bbpreset2&#8243; box_shadow_horizontal=\u00bb7px\u00bb box_shadow_vertical=\u00bb-2px\u00bb box_shadow_blur=\u00bb7px\u00bb box_shadow_spread=\u00bb-3px\u00bb global_colors_info=\u00bb{}\u00bb][et_pb_social_media_follow_network social_network=\u00bbfacebook\u00bb url=\u00bbhttps:\/\/www.facebook.com\/DHFMunam?locale=es_LA\u00bb _builder_version=\u00bb4.27.4&#8243; _module_preset=\u00bbdefault\u00bb background_color=\u00bb#3b5998&#8243; global_colors_info=\u00bb{}\u00bb follow_button=\u00bboff\u00bb url_new_window=\u00bbon\u00bb]facebook[\/et_pb_social_media_follow_network][et_pb_social_media_follow_network social_network=\u00bbinstagram\u00bb url=\u00bbhttps:\/\/www.instagram.com\/dhfmunam\/\u00bb _builder_version=\u00bb4.27.4&#8243; _module_preset=\u00bbdefault\u00bb background_color=\u00bb#ea2c59&#8243; global_colors_info=\u00bb{}\u00bb follow_button=\u00bboff\u00bb url_new_window=\u00bbon\u00bb]instagram[\/et_pb_social_media_follow_network][\/et_pb_social_media_follow][et_pb_slider _builder_version=\u00bb4.27.4&#8243; _module_preset=\u00bbdefault\u00bb background_color=\u00bb#101B59&#8243; use_background_color_gradient=\u00bbon\u00bb background_color_gradient_stops=\u00bb#2b87da 0%|#121e5e 49%\u00bb background_image=\u00bbhttps:\/\/hfm.facmed.unam.mx\/wp-content\/uploads\/2025\/11\/Plaza_Santo_Domingo_1890.jpg\u00bb background_position=\u00bbcenter_left\u00bb background_horizontal_offset=\u00bb80%\u00bb custom_button=\u00bbon\u00bb button_text_size=\u00bb9px\u00bb button_alignment=\u00bbright\u00bb button_custom_margin=\u00bb|20px|||false|false\u00bb content_width=\u00bb82%\u00bb content_max_width=\u00bb94%\u00bb min_height=\u00bb487px\u00bb link_option_url=\u00bbhttps:\/\/hfm.facmed.unam.mx\/wp-content\/uploads\/2026\/01\/Cartel_Enero2_2026.jpg\u00bb link_option_url_new_window=\u00bbon\u00bb hover_enabled=\u00bb0&#8243; global_colors_info=\u00bb{}\u00bb sticky_enabled=\u00bb0&#8243;][et_pb_slide button_text=\u00bb23 de febrero, 10:00. Acomp\u00e1\u00f1anos de manera presencia o \u00fanete a la transmisi\u00f3n  a trav\u00e9s del enlace en el cartel \u00bb image=\u00bbhttps:\/\/hfm.facmed.unam.mx\/wp-content\/uploads\/2026\/02\/Cartel_Febrero23_2026.png\u00bb _builder_version=\u00bb4.27.4&#8243; _module_preset=\u00bbdefault\u00bb background_enable_color=\u00bboff\u00bb use_background_color_gradient=\u00bbon\u00bb background_color_gradient_type=\u00bbelliptical\u00bb background_color_gradient_stops=\u00bb#020921 3%|#11335e 58%\u00bb background_enable_image=\u00bboff\u00bb background_size=\u00bbcontain\u00bb background_position=\u00bbcenter_left\u00bb background_horizontal_offset=\u00bb25%\u00bb custom_button=\u00bbon\u00bb button_text_size=\u00bb22px\u00bb button_border_width=\u00bb0px\u00bb transform_scale=\u00bb98%|98%\u00bb custom_padding=\u00bb16px|||10px|false|false\u00bb filter_hue_rotate=\u00bb7deg\u00bb filter_saturate=\u00bb85%\u00bb hover_enabled=\u00bb0&#8243; box_shadow_style_image=\u00bbpreset4&#8243; global_colors_info=\u00bb{}\u00bb sticky_transition=\u00bbon\u00bb button_link=\u00bbhttps:\/\/hfm.facmed.unam.mx\/wp-content\/uploads\/2026\/02\/Cartel_Febrero23_2026.png\u00bb url_new_window=\u00bbon\u00bb sticky_enabled=\u00bb0&#8243; link_option_url=\u00bbhttps:\/\/hfm.facmed.unam.mx\/wp-content\/uploads\/2026\/02\/Cartel_Febrero23_2026.png\u00bb link_option_url_new_window=\u00bbon\u00bb][\/et_pb_slide][et_pb_slide button_text=\u00bbConvocatoria 2026 abierta hasta el 30 de enero\u00bb image=\u00bbhttps:\/\/hfm.facmed.unam.mx\/wp-content\/uploads\/2026\/01\/Diplo-PSAS-2026.pdf-scaled.png\u00bb _builder_version=\u00bb4.27.4&#8243; _module_preset=\u00bbdefault\u00bb background_color=\u00bb#09159e\u00bb background_enable_color=\u00bbon\u00bb use_background_color_gradient=\u00bbon\u00bb background_color_gradient_stops=\u00bb#2b87da 0%|#2a3572 0%|#2e4b7c 50%\u00bb background_enable_image=\u00bboff\u00bb background_size=\u00bbcontain\u00bb background_position=\u00bbtop_left\u00bb background_horizontal_offset=\u00bb-29%\u00bb background_vertical_offset=\u00bb-31%\u00bb background_enable_pattern_style=\u00bbon\u00bb background_pattern_style=\u00bbtufted\u00bb custom_button=\u00bbon\u00bb button_text_size=\u00bb20px\u00bb button_letter_spacing=\u00bb1px\u00bb button_icon_placement=\u00bbright\u00bb button_alignment=\u00bbcenter\u00bb width=\u00bb93%\u00bb max_width=\u00bb93%\u00bb custom_padding=\u00bb0px||||false|false\u00bb link_option_url=\u00bbhttps:\/\/hfm.facmed.unam.mx\/wp-content\/uploads\/2026\/01\/Diplo-PSAS-2026.pdf-scaled.png\u00bb link_option_url_new_window=\u00bbon\u00bb box_shadow_style_button=\u00bbpreset2&#8243; box_shadow_blur_button=\u00bb24px\u00bb box_shadow_spread_button=\u00bb7px\u00bb global_colors_info=\u00bb{}\u00bb sticky_transition=\u00bbon\u00bb][\/et_pb_slide][et_pb_slide heading=\u00bbVis\u00edtanos\u00bb _builder_version=\u00bb4.27.4&#8243; _module_preset=\u00bbdefault\u00bb background_color=\u00bb#878787&#8243; background_enable_color=\u00bbon\u00bb use_background_color_gradient=\u00bbon\u00bb background_color_gradient_stops=\u00bb#0a0e3d 38%|#1b4d87 92%\u00bb background_image=\u00bbhttps:\/\/hfm.facmed.unam.mx\/wp-content\/uploads\/2025\/11\/Puerta_palacio_2.jpg\u00bb background_enable_image=\u00bbon\u00bb background_size=\u00bbcontain\u00bb global_colors_info=\u00bb{}\u00bb sticky_transition=\u00bbon\u00bb][\/et_pb_slide][\/et_pb_slider][\/et_pb_column][\/et_pb_row][\/et_pb_section][et_pb_section fb_built=\u00bb1&#8243; admin_label=\u00bbSecci\u00f3n\u00bb _builder_version=\u00bb4.27.4&#8243; _module_preset=\u00bbdefault\u00bb global_colors_info=\u00bb{}\u00bb][et_pb_row _builder_version=\u00bb4.27.4&#8243; _module_preset=\u00bbdefault\u00bb global_colors_info=\u00bb{}\u00bb][et_pb_column type=\u00bb4_4&#8243; _builder_version=\u00bb4.27.4&#8243; _module_preset=\u00bbdefault\u00bb global_colors_info=\u00bb{}\u00bb][et_pb_text _builder_version=\u00bb4.27.4&#8243; _module_preset=\u00bbdefault\u00bb text_font=\u00bbBaskervville||||||||\u00bb text_text_color=\u00bb#8300E9&#8243; text_font_size=\u00bb17px\u00bb text_letter_spacing=\u00bb3px\u00bb background_image=\u00bbhttps:\/\/hfm.facmed.unam.mx\/wp-content\/uploads\/2026\/01\/Fondo_vesalio1.png\u00bb background_size=\u00bbcustom\u00bb background_image_width=\u00bb0%\u00bb background_image_height=\u00bb0%\u00bb transform_scale=\u00bb122%|122%\u00bb text_orientation=\u00bbcenter\u00bb background_layout=\u00bbdark\u00bb width=\u00bb100%\u00bb max_width=\u00bb100%\u00bb min_height=\u00bb111px\u00bb height=\u00bb114px\u00bb max_height=\u00bb1000px\u00bb custom_margin=\u00bb-6px||7px||false|false\u00bb custom_padding=\u00bb41px||||false|false\u00bb box_shadow_style=\u00bbpreset1&#8243; box_shadow_blur=\u00bb6px\u00bb box_shadow_color=\u00bb#2a0072&#8243; global_colors_info=\u00bb{}\u00bb]<\/p>\n<h1><strong>Docencia<\/strong><\/h1>\n<p>[\/et_pb_text][\/et_pb_column][\/et_pb_row][et_pb_row column_structure=\u00bb1_3,1_3,1_3&#8243; _builder_version=\u00bb4.27.4&#8243; _module_preset=\u00bbdefault\u00bb width=\u00bb90%\u00bb max_width=\u00bb2111px\u00bb global_colors_info=\u00bb{}\u00bb][et_pb_column type=\u00bb1_3&#8243; _builder_version=\u00bb4.27.4&#8243; _module_preset=\u00bbdefault\u00bb global_colors_info=\u00bb{}\u00bb][et_pb_blurb url=\u00bbhttps:\/\/hfm.facmed.unam.mx\/index.php\/asignaturas\/?et_fb=1&#038;PageSpeed=off\u00bb image=\u00bbhttps:\/\/hfm.facmed.unam.mx\/wp-content\/uploads\/2025\/11\/logo_bioetica_curso.png\u00bb content_max_width=\u00bb694px\u00bb _builder_version=\u00bb4.27.4&#8243; _module_preset=\u00bbdefault\u00bb background_color=\u00bb#FFFFFF\u00bb use_background_color_gradient=\u00bbon\u00bb background_color_gradient_stops=\u00bb#1e4b99 19%|#2b87da 78%\u00bb background_enable_pattern_style=\u00bbon\u00bb background_pattern_style=\u00bbtufted\u00bb background_pattern_color=\u00bb#002c9b\u00bb transform_scale=\u00bb122%|122%\u00bb width=\u00bb90%\u00bb max_width=\u00bb89%\u00bb max_height=\u00bb1000px\u00bb custom_margin=\u00bb42px|19px|2px|14px|false|false\u00bb custom_padding=\u00bb7px|6px|0px|6px|false|false\u00bb border_color_all=\u00bb#7b00ce\u00bb border_width_bottom=\u00bb0px\u00bb border_color_bottom=\u00bb#9c00ad\u00bb border_width_left=\u00bb0px\u00bb box_shadow_style=\u00bbpreset6&#8243; box_shadow_vertical=\u00bb5px\u00bb box_shadow_spread=\u00bb80px\u00bb global_colors_info=\u00bb{}\u00bb][\/et_pb_blurb][\/et_pb_column][et_pb_column type=\u00bb1_3&#8243; _builder_version=\u00bb4.27.4&#8243; _module_preset=\u00bbdefault\u00bb global_colors_info=\u00bb{}\u00bb][et_pb_blurb url=\u00bbhttps:\/\/hfm.facmed.unam.mx\/index.php\/asignaturas\/?et_fb=1&#038;PageSpeed=off\u00bb image=\u00bbhttps:\/\/hfm.facmed.unam.mx\/wp-content\/uploads\/2025\/11\/Logo_antropologia_curso.png\u00bb content_max_width=\u00bb694px\u00bb _builder_version=\u00bb4.27.4&#8243; _module_preset=\u00bbdefault\u00bb background_color=\u00bb#FFFFFF\u00bb use_background_color_gradient=\u00bbon\u00bb background_color_gradient_stops=\u00bb#1e4b99 19%|#2b87da 78%\u00bb background_enable_pattern_style=\u00bbon\u00bb background_pattern_style=\u00bbtufted\u00bb background_pattern_color=\u00bb#002c9b\u00bb transform_scale=\u00bb122%|122%\u00bb width=\u00bb90%\u00bb max_width=\u00bb89%\u00bb max_height=\u00bb1000px\u00bb custom_margin=\u00bb42px|19px|2px|14px|false|false\u00bb custom_padding=\u00bb7px|6px|0px|6px|false|false\u00bb border_color_all=\u00bb#7b00ce\u00bb border_width_bottom=\u00bb0px\u00bb border_color_bottom=\u00bb#9c00ad\u00bb border_width_left=\u00bb0px\u00bb box_shadow_style=\u00bbpreset6&#8243; box_shadow_vertical=\u00bb5px\u00bb box_shadow_spread=\u00bb80px\u00bb global_colors_info=\u00bb{}\u00bb][\/et_pb_blurb][\/et_pb_column][et_pb_column type=\u00bb1_3&#8243; _builder_version=\u00bb4.27.4&#8243; _module_preset=\u00bbdefault\u00bb global_colors_info=\u00bb{}\u00bb][et_pb_blurb url=\u00bbhttps:\/\/hfm.facmed.unam.mx\/index.php\/asignaturas\/?et_fb=1&#038;PageSpeed=off\u00bb image=\u00bbhttps:\/\/hfm.facmed.unam.mx\/wp-content\/uploads\/2025\/11\/logo_historia_curso.png\u00bb content_max_width=\u00bb694px\u00bb _builder_version=\u00bb4.27.4&#8243; _module_preset=\u00bbdefault\u00bb background_color=\u00bb#FFFFFF\u00bb use_background_color_gradient=\u00bbon\u00bb background_color_gradient_stops=\u00bb#1e4b99 19%|#2b87da 78%\u00bb background_enable_pattern_style=\u00bbon\u00bb background_pattern_style=\u00bbtufted\u00bb background_pattern_color=\u00bb#002c9b\u00bb transform_scale=\u00bb122%|122%\u00bb width=\u00bb90%\u00bb max_width=\u00bb89%\u00bb max_height=\u00bb1000px\u00bb custom_margin=\u00bb42px|19px|2px|14px|false|false\u00bb custom_padding=\u00bb7px|6px|0px|6px|false|false\u00bb border_color_all=\u00bb#7b00ce\u00bb border_width_bottom=\u00bb0px\u00bb border_color_bottom=\u00bb#9c00ad\u00bb border_width_left=\u00bb0px\u00bb box_shadow_style=\u00bbpreset6&#8243; box_shadow_vertical=\u00bb5px\u00bb box_shadow_spread=\u00bb80px\u00bb global_colors_info=\u00bb{}\u00bb][\/et_pb_blurb][\/et_pb_column][\/et_pb_row][\/et_pb_section]<\/p>\n","protected":false},"excerpt":{"rendered":"<p>Docencia<\/p>\n","protected":false},"author":2,"featured_media":0,"parent":0,"menu_order":0,"comment_status":"closed","ping_status":"closed","template":"","meta":{"_et_pb_use_builder":"on","_et_pb_old_content":"","_et_gb_content_width":"","footnotes":""},"class_list":["post-24","page","type-page","status-publish","hentry"],"_links":{"self":[{"href":"https:\/\/hfm.facmed.unam.mx\/index.php\/wp-json\/wp\/v2\/pages\/24","targetHints":{"allow":["GET"]}}],"collection":[{"href":"https:\/\/hfm.facmed.unam.mx\/index.php\/wp-json\/wp\/v2\/pages"}],"about":[{"href":"https:\/\/hfm.facmed.unam.mx\/index.php\/wp-json\/wp\/v2\/types\/page"}],"author":[{"embeddable":true,"href":"https:\/\/hfm.facmed.unam.mx\/index.php\/wp-json\/wp\/v2\/users\/2"}],"replies":[{"embeddable":true,"href":"https:\/\/hfm.facmed.unam.mx\/index.php\/wp-json\/wp\/v2\/comments?post=24"}],"version-history":[{"count":58,"href":"https:\/\/hfm.facmed.unam.mx\/index.php\/wp-json\/wp\/v2\/pages\/24\/revisions"}],"predecessor-version":[{"id":392,"href":"https:\/\/hfm.facmed.unam.mx\/index.php\/wp-json\/wp\/v2\/pages\/24\/revisions\/392"}],"wp:attachment":[{"href":"https:\/\/hfm.facmed.unam.mx\/index.php\/wp-json\/wp\/v2\/media?parent=24"}],"curies":[{"name":"wp","href":"https:\/\/api.w.org\/{rel}","templated":true}]}}