{"id":133,"date":"2025-11-29T06:31:55","date_gmt":"2025-11-29T05:31:55","guid":{"rendered":"https:\/\/hfm.facmed.unam.mx\/?page_id=133"},"modified":"2026-02-12T22:42:35","modified_gmt":"2026-02-12T21:42:35","slug":"directorio","status":"publish","type":"page","link":"https:\/\/hfm.facmed.unam.mx\/index.php\/directorio\/","title":{"rendered":"Directorio"},"content":{"rendered":"<p>[et_pb_section fb_built=\u00bb1&#8243; _builder_version=\u00bb4.27.4&#8243; _module_preset=\u00bbdefault\u00bb global_colors_info=\u00bb{}\u00bb][et_pb_row _builder_version=\u00bb4.27.4&#8243; _module_preset=\u00bbdefault\u00bb max_width=\u00bb1552px\u00bb module_alignment=\u00bbright\u00bb min_height=\u00bb70px\u00bb custom_padding=\u00bb|100px|||false|false\u00bb global_colors_info=\u00bb{}\u00bb][et_pb_column type=\u00bb4_4&#8243; _builder_version=\u00bb4.27.4&#8243; _module_preset=\u00bbdefault\u00bb global_colors_info=\u00bb{}\u00bb][et_pb_social_media_follow _builder_version=\u00bb4.27.4&#8243; _module_preset=\u00bbdefault\u00bb text_orientation=\u00bbright\u00bb box_shadow_style=\u00bbpreset2&#8243; global_colors_info=\u00bb{}\u00bb][et_pb_social_media_follow_network social_network=\u00bbfacebook\u00bb url=\u00bbhttps:\/\/www.facebook.com\/DHFMunam?locale=es_LA\u00bb _builder_version=\u00bb4.27.4&#8243; _module_preset=\u00bbdefault\u00bb background_color=\u00bb#3b5998&#8243; global_colors_info=\u00bb{}\u00bb follow_button=\u00bboff\u00bb url_new_window=\u00bbon\u00bb]facebook[\/et_pb_social_media_follow_network][et_pb_social_media_follow_network social_network=\u00bbinstagram\u00bb url=\u00bbhttps:\/\/www.instagram.com\/dhfmunam\/\u00bb _builder_version=\u00bb4.27.4&#8243; _module_preset=\u00bbdefault\u00bb background_color=\u00bb#ea2c59&#8243; global_colors_info=\u00bb{}\u00bb follow_button=\u00bboff\u00bb url_new_window=\u00bbon\u00bb]instagram[\/et_pb_social_media_follow_network][\/et_pb_social_media_follow][\/et_pb_column][\/et_pb_row][\/et_pb_section][et_pb_section fb_built=\u00bb1&#8243; _builder_version=\u00bb4.27.4&#8243; _module_preset=\u00bbdefault\u00bb background_color=\u00bbrgba(183,179,179,0.16)\u00bb use_background_color_gradient=\u00bbon\u00bb background_color_gradient_direction=\u00bb172deg\u00bb background_color_gradient_stops=\u00bbrgba(206,206,206,0.96) 4%|#bfbfbf 34%|rgba(0,32,138,0.12) 87%\u00bb custom_margin=\u00bb-54px|||||\u00bb custom_padding=\u00bb14px|||||\u00bb global_colors_info=\u00bb{}\u00bb][et_pb_row use_custom_gutter=\u00bbon\u00bb gutter_width=\u00bb1&#8243; _builder_version=\u00bb4.27.4&#8243; _module_preset=\u00bbdefault\u00bb background_image=\u00bbhttps:\/\/hfm.facmed.unam.mx\/wp-content\/uploads\/2025\/11\/para_titulos.png\u00bb background_size=\u00bbstretch\u00bb width=\u00bb100%\u00bb min_height=\u00bb135px\u00bb custom_margin=\u00bb60px||||false|false\u00bb custom_padding=\u00bb23px||||false|false\u00bb global_colors_info=\u00bb{}\u00bb][et_pb_column type=\u00bb4_4&#8243; _builder_version=\u00bb4.27.4&#8243; _module_preset=\u00bbdefault\u00bb background_color=\u00bb#001d3d\u00bb global_colors_info=\u00bb{}\u00bb][et_pb_text _builder_version=\u00bb4.27.4&#8243; _module_preset=\u00bbdefault\u00bb text_text_color=\u00bb#FFFFFF\u00bb text_font_size=\u00bb34px\u00bb text_letter_spacing=\u00bb4px\u00bb text_line_height=\u00bb3em\u00bb background_image=\u00bbhttps:\/\/hfm.facmed.unam.mx\/wp-content\/uploads\/2025\/11\/para_titulos.png\u00bb global_colors_info=\u00bb{}\u00bb]<\/p>\n<p style=\"text-align: center;\">Directorio<\/p>\n<p>[\/et_pb_text][et_pb_social_media_follow _builder_version=\u00bb4.27.4&#8243; _module_preset=\u00bbdefault\u00bb global_colors_info=\u00bb{}\u00bb][\/et_pb_social_media_follow][\/et_pb_column][\/et_pb_row][et_pb_row _builder_version=\u00bb4.27.4&#8243; _module_preset=\u00bbdefault\u00bb global_colors_info=\u00bb{}\u00bb][et_pb_column type=\u00bb4_4&#8243; _builder_version=\u00bb4.27.4&#8243; _module_preset=\u00bbdefault\u00bb global_colors_info=\u00bb{}\u00bb][et_pb_text _builder_version=\u00bb4.27.4&#8243; _module_preset=\u00bbdefault\u00bb text_text_color=\u00bb#FFFFFF\u00bb text_font_size=\u00bb18px\u00bb text_letter_spacing=\u00bb1px\u00bb use_background_color_gradient=\u00bbon\u00bb background_image=\u00bbhttps:\/\/hfm.facmed.unam.mx\/wp-content\/uploads\/2025\/11\/para_titulos.png\u00bb background_size=\u00bbinitial\u00bb custom_margin=\u00bb0px||||false|false\u00bb custom_padding=\u00bb4px|||0px|false|false\u00bb hover_enabled=\u00bb0&#8243; border_radii=\u00bbon|14px|14px|14px|14px\u00bb global_colors_info=\u00bb{}\u00bb sticky_enabled=\u00bb0&#8243;]<\/p>\n<p style=\"text-align: center;\"><strong>Dra. Mariblanca Ramos Rocha<\/strong><\/p>\n<p style=\"text-align: center;\">Jefa del Departamento<\/p>\n<p style=\"text-align: center;\">mbramos@facmed.unam.mx<\/p>\n<p>[\/et_pb_text][et_pb_text _builder_version=\u00bb4.27.4&#8243; _module_preset=\u00bbdefault\u00bb text_text_color=\u00bb#FFFFFF\u00bb text_font_size=\u00bb18px\u00bb text_letter_spacing=\u00bb1px\u00bb background_image=\u00bbhttps:\/\/hfm.facmed.unam.mx\/wp-content\/uploads\/2025\/11\/para_titulos.png\u00bb background_size=\u00bbinitial\u00bb hover_enabled=\u00bb0&#8243; border_radii=\u00bbon|14px|14px|14px|14px\u00bb global_colors_info=\u00bb{}\u00bb sticky_enabled=\u00bb0&#8243;]<\/p>\n<p style=\"text-align: center;\"><strong>Dr. Alfredo Paulo Maya<\/strong><\/p>\n<p style=\"text-align: center;\">Coordinaci\u00f3n de Ense\u00f1anza<\/p>\n<p style=\"text-align: center;\">alfpaulo@facmed.unam.mx<\/p>\n<p>[\/et_pb_text][et_pb_text _builder_version=\u00bb4.27.4&#8243; _module_preset=\u00bbdefault\u00bb text_text_color=\u00bb#FFFFFF\u00bb text_font_size=\u00bb18px\u00bb text_letter_spacing=\u00bb1px\u00bb background_image=\u00bbhttps:\/\/hfm.facmed.unam.mx\/wp-content\/uploads\/2025\/11\/para_titulos.png\u00bb background_size=\u00bbinitial\u00bb hover_enabled=\u00bb0&#8243; border_radii=\u00bbon|14px|14px|14px|14px\u00bb global_colors_info=\u00bb{}\u00bb sticky_enabled=\u00bb0&#8243;]<\/p>\n<p style=\"text-align: center;\"><strong>Dra. Maribel Olivares Nazario<\/strong><\/p>\n<p style=\"text-align: center;\">Coordinaci\u00f3n de Evaluaci\u00f3n<\/p>\n<p style=\"text-align: center;\"><span>evaluacion.dhfm@facmed.unam.mx<\/span><\/p>\n<p style=\"text-align: center;\"><span>5556233136<\/span><\/p>\n<p>[\/et_pb_text][et_pb_text _builder_version=\u00bb4.27.4&#8243; _module_preset=\u00bbdefault\u00bb text_text_color=\u00bb#FFFFFF\u00bb text_font_size=\u00bb18px\u00bb text_letter_spacing=\u00bb1px\u00bb background_image=\u00bbhttps:\/\/hfm.facmed.unam.mx\/wp-content\/uploads\/2025\/11\/para_titulos.png\u00bb background_size=\u00bbinitial\u00bb hover_enabled=\u00bb0&#8243; border_radii=\u00bbon|14px|14px|14px|14px\u00bb global_colors_info=\u00bb{}\u00bb sticky_enabled=\u00bb0&#8243;]<\/p>\n<p style=\"text-align: center;\"><strong>Dra. Alba Dolores Morales Cosme<\/strong><\/p>\n<p style=\"text-align: center;\">Coordinaci\u00f3n de Investigaci\u00f3n<\/p>\n<p style=\"text-align: center;\">alba.morales@facmed.unam.mx<\/p>\n<p>[\/et_pb_text][\/et_pb_column][\/et_pb_row][\/et_pb_section][et_pb_section fb_built=\u00bb1&#8243; fullwidth=\u00bbon\u00bb _builder_version=\u00bb4.27.4&#8243; _module_preset=\u00bbdefault\u00bb global_colors_info=\u00bb{}\u00bb][\/et_pb_section]<\/p>\n","protected":false},"excerpt":{"rendered":"<p>DirectorioDra. Mariblanca Ramos Rocha Jefa del Departamento mbramos@facmed.unam.mxDr. Alfredo Paulo Maya Coordinaci\u00f3n de Ense\u00f1anza alfpaulo@facmed.unam.mxDra. Maribel Olivares Nazario Coordinaci\u00f3n de Evaluaci\u00f3n evaluacion.dhfm@facmed.unam.mx 5556233136Dra. Alba Dolores Morales Cosme Coordinaci\u00f3n de Investigaci\u00f3n alba.morales@facmed.unam.mx<\/p>\n","protected":false},"author":2,"featured_media":0,"parent":0,"menu_order":0,"comment_status":"closed","ping_status":"closed","template":"","meta":{"_et_pb_use_builder":"on","_et_pb_old_content":"","_et_gb_content_width":"","footnotes":""},"class_list":["post-133","page","type-page","status-publish","hentry"],"_links":{"self":[{"href":"https:\/\/hfm.facmed.unam.mx\/index.php\/wp-json\/wp\/v2\/pages\/133","targetHints":{"allow":["GET"]}}],"collection":[{"href":"https:\/\/hfm.facmed.unam.mx\/index.php\/wp-json\/wp\/v2\/pages"}],"about":[{"href":"https:\/\/hfm.facmed.unam.mx\/index.php\/wp-json\/wp\/v2\/types\/page"}],"author":[{"embeddable":true,"href":"https:\/\/hfm.facmed.unam.mx\/index.php\/wp-json\/wp\/v2\/users\/2"}],"replies":[{"embeddable":true,"href":"https:\/\/hfm.facmed.unam.mx\/index.php\/wp-json\/wp\/v2\/comments?post=133"}],"version-history":[{"count":10,"href":"https:\/\/hfm.facmed.unam.mx\/index.php\/wp-json\/wp\/v2\/pages\/133\/revisions"}],"predecessor-version":[{"id":383,"href":"https:\/\/hfm.facmed.unam.mx\/index.php\/wp-json\/wp\/v2\/pages\/133\/revisions\/383"}],"wp:attachment":[{"href":"https:\/\/hfm.facmed.unam.mx\/index.php\/wp-json\/wp\/v2\/media?parent=133"}],"curies":[{"name":"wp","href":"https:\/\/api.w.org\/{rel}","templated":true}]}}